{"id":2390,"date":"2025-10-24T08:48:42","date_gmt":"2025-10-24T08:48:42","guid":{"rendered":"https:\/\/colegiojrj.es\/?page_id=2390"},"modified":"2025-10-24T09:04:39","modified_gmt":"2025-10-24T09:04:39","slug":"other-services","status":"publish","type":"page","link":"https:\/\/colegiojrj.es\/en\/other-services\/","title":{"rendered":"Other Services"},"content":{"rendered":"\t\t<div data-elementor-type=\"wp-page\" data-elementor-id=\"2390\" class=\"elementor elementor-2390 elementor-2375\" data-elementor-post-type=\"page\">\n\t\t\t\t<div class=\"elementor-element elementor-element-0e05287 e-grid e-con-full e-con e-parent\" data-id=\"0e05287\" data-element_type=\"container\" data-e-type=\"container\">\n\t\t<div class=\"elementor-element elementor-element-86ee57b e-con-full e-flex e-con e-child\" data-id=\"86ee57b\" data-element_type=\"container\" data-e-type=\"container\" data-settings=\"{&quot;background_background&quot;:&quot;classic&quot;}\">\n\t\t\t\t<div class=\"elementor-element elementor-element-25d588e elementor-widget elementor-widget-heading\" data-id=\"25d588e\" data-element_type=\"widget\" data-e-type=\"widget\" data-widget_type=\"heading.default\">\n\t\t\t\t\t<h2 class=\"elementor-heading-title elementor-size-default\">Guidance Department<\/h2>\t\t\t\t<\/div>\n\t\t\t\t<div class=\"elementor-element elementor-element-bd174ca elementor-widget elementor-widget-text-editor\" data-id=\"bd174ca\" data-element_type=\"widget\" data-e-type=\"widget\" data-widget_type=\"text-editor.default\">\n\t\t\t\t\t\t\t\t\t<p>It is staffed by a full-time psychologist for preschool, primary, and secondary education. This department&#8217;s functions primarily focus on supporting educational activities and addressing the needs of students, teachers, and parents. These functions include prevention, diagnosis, support for students with special educational needs, academic and career guidance, and more.<\/p><p>Support for students with special educational needs is provided by two teachers, one assigned to preschool and primary education, and the other to secondary education.<\/p>\t\t\t\t\t\t\t\t<\/div>\n\t\t\t\t<\/div>\n\t\t<div class=\"elementor-element elementor-element-2cdd4a2 e-con-full e-flex e-con e-child\" data-id=\"2cdd4a2\" data-element_type=\"container\" data-e-type=\"container\">\n\t\t\t\t<div class=\"elementor-element elementor-element-b681405 elementor-widget elementor-widget-heading\" data-id=\"b681405\" data-element_type=\"widget\" data-e-type=\"widget\" data-widget_type=\"heading.default\">\n\t\t\t\t\t<h2 class=\"elementor-heading-title elementor-size-default\">Laboratory<\/h2>\t\t\t\t<\/div>\n\t\t\t\t<div class=\"elementor-element elementor-element-0200d97 elementor-widget elementor-widget-text-editor\" data-id=\"0200d97\" data-element_type=\"widget\" data-e-type=\"widget\" data-widget_type=\"text-editor.default\">\n\t\t\t\t\t\t\t\t\t<p>We have spacious facilities where students can improve their scientific proficiency. Our laboratory is equipped with resources that allow them to: enhance their knowledge of microorganisms and create microscope slides.<\/p><p>They learn about biology and geology by observing and describing plants, invertebrate collections, fossils, along with minerals and rocks.<\/p><p>We believe the laboratory has great educational value because, in addition to fostering the development of skills and abilities in the handling of materials and substances, it fosters the spirit of inquiry among students, as well as the practice of attitudes and values \u200b\u200bin individual and team work, which enhance academic teaching today.<\/p>\t\t\t\t\t\t\t\t<\/div>\n\t\t\t\t<\/div>\n\t\t\t\t<\/div>\n\t\t<div class=\"elementor-element elementor-element-32e1b3c e-con-full e-flex e-con e-parent\" data-id=\"32e1b3c\" data-element_type=\"container\" data-e-type=\"container\" data-settings=\"{&quot;background_background&quot;:&quot;classic&quot;}\">\n\t\t<div class=\"elementor-element elementor-element-6ea5c06 e-flex e-con-boxed e-con e-child\" data-id=\"6ea5c06\" data-element_type=\"container\" data-e-type=\"container\">\n\t\t\t\t\t<div class=\"e-con-inner\">\n\t\t\t\t<div class=\"elementor-element elementor-element-1df58a3 elementor-widget elementor-widget-heading\" data-id=\"1df58a3\" data-element_type=\"widget\" data-e-type=\"widget\" data-widget_type=\"heading.default\">\n\t\t\t\t\t<h2 class=\"elementor-heading-title elementor-size-default\">Juan Ram\u00f3n Jim\u00e9nez Volleyball Club of the City of Ceramics<\/h2>\t\t\t\t<\/div>\n\t\t\t\t<div class=\"elementor-element elementor-element-de505f4 elementor-widget elementor-widget-text-editor\" data-id=\"de505f4\" data-element_type=\"widget\" data-e-type=\"widget\" data-widget_type=\"text-editor.default\">\n\t\t\t\t\t\t\t\t\t<p>What began in September 2014 as an extracurricular sports activity, an alternative to the overcrowded and idealized soccer, continues to move toward full consolidation.<\/p><p>In 2016\/17, our students from the JRJ VOLLEYBALL CLUB made their debut in the Regional Boys&#8217; Youth Volleyball League, in which nine teams from across the region compete. The Juan Ram\u00f3n Jim\u00e9nez Volleyball Club has been reinforced by seven players from the Ciudad de la Cer\u00e1mica Volleyball Club school, a true institution in the city.<\/p>\t\t\t\t\t\t\t\t<\/div>\n\t\t\t\t\t<\/div>\n\t\t\t\t<\/div>\n\t\t\t\t<\/div>\n\t\t\t\t<\/div>\n\t\t","protected":false},"excerpt":{"rendered":"<p>Guidance Department It is staffed by a full-time psychologist for preschool, primary, and secondary education. This department&#8217;s functions primarily focus on supporting educational activities and addressing the needs of students, [&hellip;]<\/p>\n","protected":false},"author":2,"featured_media":0,"parent":0,"menu_order":0,"comment_status":"closed","ping_status":"closed","template":"","meta":{"footnotes":""},"class_list":["post-2390","page","type-page","status-publish","hentry"],"_links":{"self":[{"href":"https:\/\/colegiojrj.es\/en\/wp-json\/wp\/v2\/pages\/2390","targetHints":{"allow":["GET"]}}],"collection":[{"href":"https:\/\/colegiojrj.es\/en\/wp-json\/wp\/v2\/pages"}],"about":[{"href":"https:\/\/colegiojrj.es\/en\/wp-json\/wp\/v2\/types\/page"}],"author":[{"embeddable":true,"href":"https:\/\/colegiojrj.es\/en\/wp-json\/wp\/v2\/users\/2"}],"replies":[{"embeddable":true,"href":"https:\/\/colegiojrj.es\/en\/wp-json\/wp\/v2\/comments?post=2390"}],"version-history":[{"count":4,"href":"https:\/\/colegiojrj.es\/en\/wp-json\/wp\/v2\/pages\/2390\/revisions"}],"predecessor-version":[{"id":2394,"href":"https:\/\/colegiojrj.es\/en\/wp-json\/wp\/v2\/pages\/2390\/revisions\/2394"}],"wp:attachment":[{"href":"https:\/\/colegiojrj.es\/en\/wp-json\/wp\/v2\/media?parent=2390"}],"curies":[{"name":"wp","href":"https:\/\/api.w.org\/{rel}","templated":true}]}}