{"id":2261,"date":"2025-10-22T14:12:20","date_gmt":"2025-10-22T14:12:20","guid":{"rendered":"https:\/\/colegiojrj.es\/?page_id=2261"},"modified":"2025-10-23T09:20:33","modified_gmt":"2025-10-23T09:20:33","slug":"legal-notice","status":"publish","type":"page","link":"https:\/\/colegiojrj.es\/en\/legal-notice\/","title":{"rendered":"Legal notice"},"content":{"rendered":"<h3><b>Legal Information<\/b><\/h3>\n<p>In compliance with the obligation of information contained in Article 10 of Law 34\/2002, of July 11, on Information Society Services and Electronic Commerce, we inform you that the content of this website colegiojrj.es (hereinafter, the &#8220;Website&#8221;) belongs to Sociedad Cooperativa Juan Ram\u00f3n Jim\u00e9nez, with registered office at Plaza del Salvador, 3, 45600, Talavera de la Reina (Toledo), Spain, and CIF No. F45019957. This legal notice regulates the conditions of use of the aforementioned Internet portal.<\/p>\n<p><b>User Acceptance<\/b><\/p>\n<p>This Legal Notice regulates access, navigation, and use of the following website colegiojrj.es, which Sociedad Cooperativa Juan Ram\u00f3n Jim\u00e9nez makes available to Internet users. Therefore, access to this website implies the acquisition of user status and, with it, acceptance of the website&#8217;s terms of use. If you disagree with these terms, you should refrain from using the website.<\/p>\n<p>The user is informed and accepts that access to this website does not, in any way, constitute the beginning of a commercial relationship with Sociedad Cooperativa Juan Ram\u00f3n Jim\u00e9nez.<\/p>\n<p><b>Content and Use<\/b><\/p>\n<p>The user must visit the website responsibly and in accordance with current legislation, in good faith, this Legal Notice, and respecting the intellectual and industrial property rights owned by colegiojrj.es. The website provides a wide variety of information, services, and data. The user assumes responsibility for the correct use of the website.<\/p>\n<p>The use of any of the website&#8217;s content for purposes that are or may be illegal is strictly prohibited, as is the performance of any action that causes or may cause damage or alterations of any kind not authorized by Sociedad Cooperativa Juan Ram\u00f3n Jim\u00e9nez, to the website or its contents.<\/p>\n<p>Sociedad Cooperativa Juan Ram\u00f3n Jim\u00e9nez reserves the right to make any changes it deems appropriate to its website without prior notice. It may change, delete, or add content and services provided through the website, as well as the way in which they are presented or located on its servers.<\/p>\n<h3><b>Responsibilities and Guarantees<\/b><\/h3>\n<p>Sociedad Cooperativa Juan Ram\u00f3n Jim\u00e9nez declares that it has adopted the necessary measures, within its capabilities and the state of technology, to allow for the proper functioning of the website, as well as the absence of viruses and harmful components. However, Sociedad Cooperativa Juan Ram\u00f3n Jim\u00e9nez cannot be held responsible for the following situations, which are listed as examples, but not limited to:<\/p>\n<ul>\n<li aria-level=\"1\">The continuity and availability of the content.<\/li>\n<li aria-level=\"1\">The absence of errors in said content or the correction of any defects that may occur.<\/li>\n<li aria-level=\"1\">The absence of viruses and\/or other harmful components.<\/li>\n<li aria-level=\"1\">The damages or losses caused by any person who violates the security systems of colegiojrj.es.<\/li>\n<li aria-level=\"1\">The use that users may make of the content included on the website. Consequently, Sociedad Cooperativa Juan Ram\u00f3n Jim\u00e9nez does not guarantee that the use that users may make of the contents included in the website, if any, will comply with this legal notice, nor that the use of the website will be carried out diligently.<\/li>\n<li aria-level=\"1\">Use of the website by minors or the submission of their personal data without the permission of their guardians, with guardians being responsible for their use of the Internet.<\/li>\n<li aria-level=\"1\">Content that the user may access through unauthorized links or content entered by users through comments or similar tools.<\/li>\n<li aria-level=\"1\">Introduction of erroneous data by the user or a third party.<\/li>\n<\/ul>\n<p>Sociedad Cooperativa Juan Ram\u00f3n Jim\u00e9nez may temporarily suspend, without prior notice, access to the website for maintenance, repair, updating, or improvement purposes. Consequently, Sociedad Cooperativa Juan Ram\u00f3n Jim\u00e9nez will not, under any circumstances, be liable for any damages that may arise from the lack of availability or accessibility to the website or from any interruption in its operation. However, whenever circumstances permit, Sociedad Cooperativa Juan Ram\u00f3n Jim\u00e9nez will inform the user, with sufficient advance notice, of the planned date for the suspension of the content.<\/p>\n<p>Likewise, in accordance with Articles 11 and 16 of Law 34\/2002, of July 11, on information society services and electronic commerce (LSSICE), Sociedad Cooperativa Juan Ram\u00f3n Jim\u00e9nez undertakes to remove or, where appropriate, block content that may affect or violate current legislation, the rights of third parties, or morality and public order.<\/p>\n<p><b>Link Policy<\/b><\/p>\n<p>Sociedad Cooperativa Juan Ram\u00f3n Jim\u00e9nez is not responsible for the content of websites that the user may access through the links established on its website and declares that under no circumstances will it examine or exercise any type of control over the content of other sites on the network. Likewise, it does not guarantee the technical availability, accuracy, veracity, validity or legality of sites not owned by it that may be accessed through the links.<\/p>\n<h3>\u00a0<b>Intellectual and industrial property policy<\/b><\/h3>\n<p>Sociedad Cooperativa Juan Ram\u00f3n Jim\u00e9nez is the exclusive owner of the rights relating to its website and its social networks, therefore, all content, graphic design and codes that form part of colegiojrj.es (web) are the exclusive property of Sociedad Cooperativa Juan Ram\u00f3n Jim\u00e9nez. Reproduction, distribution, public communication, transformation or any other activity carried out with the contents is prohibited, even if the sources are cited, unless prior, express and written consent is obtained from the Juan Ram\u00f3n Jim\u00e9nez Cooperative Society.<\/p>\n<p>Sociedad Cooperativa Juan Ram\u00f3n Jim\u00e9nez does not grant any authorization for the use of any kind regarding its intellectual and industrial property rights or any other property or right related to the website, and under no circumstances shall user access and browsing imply a waiver, transfer, license, or assignment of all or part of said rights by Sociedad Cooperativa Juan Ram\u00f3n Jim\u00e9nez. Any use of these contents not previously authorized by Sociedad Cooperativa Juan Ram\u00f3n Jim\u00e9nez will be considered a serious breach of intellectual or industrial property rights and will give rise to the legally established liabilities. Sociedad Cooperativa Juan Ram\u00f3n Jim\u00e9nez reserves the right to pursue any appropriate legal and extrajudicial actions against the user.<\/p>\n<p><b>Data Protection Clause<\/b><\/p>\n<p>In accordance with the provisions of current regulations on Personal Data Protection, users are informed that their data will be incorporated into the Registry of Processing Activities owned by colegiojrj.es for the purpose of eventually carrying out the contracted services.<\/p>\n<p>In compliance with current regulations, Sociedad Cooperativa Juan Ram\u00f3n Jim\u00e9nez informs you that the data will be retained for the period strictly necessary to fulfill the services provided.<\/p>\n<p>Furthermore, the data will be processed lawfully, fairly, transparently, appropriately, pertinently, limited, accurate, and up-to-date. Therefore, Sociedad Cooperativa Juan Ram\u00f3n Jim\u00e9nez undertakes to adopt all reasonable technical and security measures to ensure that the data is deleted or rectified without delay when it is inaccurate or untrue.<\/p>\n<p>In accordance with data protection regulations, users may exercise their rights of access, rectification, restriction of processing, erasure, portability, and objection to the processing of their personal data, as well as to withdraw the consent given for the processing thereof. Requests should be sent to the following email address: secretaria@colegiojrj.es.<\/p>\n<p><b>Reservation of the right to modify this legal notice<\/b><\/p>\n<p>Sociedad Cooperativa Juan Ram\u00f3n Jim\u00e9nez reserves the right to modify this legal notice to adapt it to any regulatory changes or developments, for technical reasons, due to changes in the services offered by Sociedad Cooperativa Juan Ram\u00f3n Jim\u00e9nez, or due to strategic decisions by the company. In these cases, reasonable advance notice will be provided on this website of any changes and when they will take full effect.<\/p>\n<p>If the user does not agree with the changes, they must stop using the website. Use of the website after the changes are made will constitute acceptance by the user.<\/p>\n<p><b>Invalidity<\/b><\/p>\n<p>If any of these provisions is deemed void, invalid, or unenforceable, that provision (or the part declared void, invalid, or unenforceable) shall be deemed invalid, without affecting the validity and enforceability of the remaining provisions.<\/p>\n<p><b>Contact Us<\/b><\/p>\n<p>You can contact us at the address above or by phone at the number provided on the website.<\/p>\n","protected":false},"excerpt":{"rendered":"<p>Legal Information In compliance with the obligation of information contained in Article 10 of Law 34\/2002, of July 11, on Information Society Services and Electronic Commerce, we inform you that [&hellip;]<\/p>\n","protected":false},"author":2,"featured_media":0,"parent":0,"menu_order":0,"comment_status":"closed","ping_status":"closed","template":"","meta":{"footnotes":""},"class_list":["post-2261","page","type-page","status-publish","hentry"],"_links":{"self":[{"href":"https:\/\/colegiojrj.es\/en\/wp-json\/wp\/v2\/pages\/2261","targetHints":{"allow":["GET"]}}],"collection":[{"href":"https:\/\/colegiojrj.es\/en\/wp-json\/wp\/v2\/pages"}],"about":[{"href":"https:\/\/colegiojrj.es\/en\/wp-json\/wp\/v2\/types\/page"}],"author":[{"embeddable":true,"href":"https:\/\/colegiojrj.es\/en\/wp-json\/wp\/v2\/users\/2"}],"replies":[{"embeddable":true,"href":"https:\/\/colegiojrj.es\/en\/wp-json\/wp\/v2\/comments?post=2261"}],"version-history":[{"count":4,"href":"https:\/\/colegiojrj.es\/en\/wp-json\/wp\/v2\/pages\/2261\/revisions"}],"predecessor-version":[{"id":2273,"href":"https:\/\/colegiojrj.es\/en\/wp-json\/wp\/v2\/pages\/2261\/revisions\/2273"}],"wp:attachment":[{"href":"https:\/\/colegiojrj.es\/en\/wp-json\/wp\/v2\/media?parent=2261"}],"curies":[{"name":"wp","href":"https:\/\/api.w.org\/{rel}","templated":true}]}}